{"id":110,"date":"2015-03-05T08:48:25","date_gmt":"2015-03-05T07:48:25","guid":{"rendered":"http:\/\/www.andreaskurz.at\/?page_id=110"},"modified":"2015-08-29T09:22:19","modified_gmt":"2015-08-29T08:22:19","slug":"family-secrets-2009","status":"publish","type":"page","link":"http:\/\/www.andreaskurz.at\/?page_id=110","title":{"rendered":"FAMILY SECRETS. Kurzfilm"},"content":{"rendered":"<p class=\"bodytext\"><strong>Marty wird von seiner Phantasie \u00fcbermannt. Er redet sich ein, alles sei im gr\u00fcnen Bereich, dabei sieht der junge B\u00fcrohengst l\u00e4ngst schon rot. Ein Film wie wildes Graffiti.<\/strong><\/p>\n<p class=\"bodytext\"><a href=\"http:\/\/www.andreaskurz.at\/wp-content\/uploads\/2015\/03\/vlcsnap-2015-03-05-08h34m39s153.png\"><img decoding=\"async\" loading=\"lazy\" class=\"alignnone wp-image-111 size-large\" src=\"http:\/\/www.andreaskurz.at\/wp-content\/uploads\/2015\/03\/vlcsnap-2015-03-05-08h34m39s153-1024x576.png\" alt=\"vlcsnap-2015-03-05-08h34m39s153\" width=\"768\" height=\"432\" srcset=\"http:\/\/www.andreaskurz.at\/wp-content\/uploads\/2015\/03\/vlcsnap-2015-03-05-08h34m39s153.png 1024w, http:\/\/www.andreaskurz.at\/wp-content\/uploads\/2015\/03\/vlcsnap-2015-03-05-08h34m39s153-300x169.png 300w\" sizes=\"(max-width: 768px) 100vw, 768px\" \/><\/a><\/p>\n<p class=\"bodytext\">16:9, 13min, Farbe, stereo, Austrofilm 2009.<\/p>\n<p class=\"bodytext\"><em>family secrets<\/em>\u00a0taucht in das geistige Innenleben\u00a0des Protagonisten Marty ein, einem langweiligen B\u00fcrohengst, der, seines eint\u00f6nigen Lebens \u00fcberdr\u00fcssig,\u00a0 sich in Phantasien fl\u00fcchtet, die er durch Filmausschnitte aus Youtube n\u00e4hrt. Im Grunde sieht Marty, der immer davon spricht, dass alles im gr\u00fcnen Bereich sei, l\u00e4ngst rot. Seine Haushaltshilfe und eine Skaterin am Wiener Donaukanal werden zu den Projektionsfl\u00e4chen seiner Vorstellung. Doch mit dem handfesten Aufeinandertreffen der Geschlechter kann Marty nicht umgehen.<\/p>\n<p class=\"bodytext\"><strong>family secrets, 13 min, Farbe, Stereo<\/strong><br \/>\nProduktion: Austrofilm, 2009 \/\u00a0Kamera: Mario Hengster \/ Schnitt: Robert Breber, aea \/\u00a0Buch u. Regie: Andreas Kurz \/\u00a0mit Andreas Kurz, Karoline Fischer, Johanna Ulreich u.v.a.<\/p>\n","protected":false},"excerpt":{"rendered":"<p>Marty wird von seiner Phantasie \u00fcbermannt. Er redet sich ein, alles sei im gr\u00fcnen Bereich, dabei sieht der junge B\u00fcrohengst l\u00e4ngst schon rot. Ein Film wie wildes Graffiti. 16:9, 13min, Farbe, stereo, Austrofilm 2009. family secrets\u00a0taucht in das geistige Innenleben\u00a0des Protagonisten Marty ein, einem langweiligen B\u00fcrohengst, der, seines eint\u00f6nigen Lebens \u00fcberdr\u00fcssig,\u00a0 sich in Phantasien fl\u00fcchtet, &hellip; <a href=\"http:\/\/www.andreaskurz.at\/?page_id=110\" class=\"more-link\"><span class=\"screen-reader-text\">FAMILY SECRETS. Kurzfilm<\/span> weiterlesen<\/a><\/p>\n","protected":false},"author":1,"featured_media":0,"parent":0,"menu_order":0,"comment_status":"closed","ping_status":"open","template":"","meta":[],"_links":{"self":[{"href":"http:\/\/www.andreaskurz.at\/index.php?rest_route=\/wp\/v2\/pages\/110"}],"collection":[{"href":"http:\/\/www.andreaskurz.at\/index.php?rest_route=\/wp\/v2\/pages"}],"about":[{"href":"http:\/\/www.andreaskurz.at\/index.php?rest_route=\/wp\/v2\/types\/page"}],"author":[{"embeddable":true,"href":"http:\/\/www.andreaskurz.at\/index.php?rest_route=\/wp\/v2\/users\/1"}],"replies":[{"embeddable":true,"href":"http:\/\/www.andreaskurz.at\/index.php?rest_route=%2Fwp%2Fv2%2Fcomments&post=110"}],"version-history":[{"count":6,"href":"http:\/\/www.andreaskurz.at\/index.php?rest_route=\/wp\/v2\/pages\/110\/revisions"}],"predecessor-version":[{"id":407,"href":"http:\/\/www.andreaskurz.at\/index.php?rest_route=\/wp\/v2\/pages\/110\/revisions\/407"}],"wp:attachment":[{"href":"http:\/\/www.andreaskurz.at\/index.php?rest_route=%2Fwp%2Fv2%2Fmedia&parent=110"}],"curies":[{"name":"wp","href":"https:\/\/api.w.org\/{rel}","templated":true}]}}