{"id":145,"date":"2015-03-05T11:03:50","date_gmt":"2015-03-05T10:03:50","guid":{"rendered":"http:\/\/www.andreaskurz.at\/?page_id=145"},"modified":"2015-08-31T21:24:01","modified_gmt":"2015-08-31T20:24:01","slug":"freiraeumen","status":"publish","type":"page","link":"http:\/\/www.andreaskurz.at\/?page_id=145","title":{"rendered":""},"content":{"rendered":"<h1><span style=\"color: #a30b0b;\">freir\u00e4umen <\/span><\/h1>\n<h3>(Dokumentarfilm)<\/h3>\n<p><strong>In Vo\u0308cklabruck (O\u0308sterreich) haben Jugendliche genug von der Tra\u0308gheit der Politik. Sie ergreifen die Initiative und erobern Ra\u0308ume fu\u0308r eigene Ideen. Politisches do-it-yourself. Doch mit dem Erfolg kommen auch die Probleme.<\/strong><\/p>\n<div class=\"page\" title=\"Page 1\">\n<div class=\"layoutArea\">\n<div class=\"column\">\n<div class=\"page\" title=\"Page 1\">\n<div class=\"layoutArea\">\n<div class=\"column\">\n<p><a href=\"http:\/\/www.andreaskurz.at\/wp-content\/uploads\/2015\/03\/FREIRAEUMEN_plakatmotiv.jpg\"><img decoding=\"async\" loading=\"lazy\" class=\"alignnone wp-image-148 size-large\" src=\"http:\/\/www.andreaskurz.at\/wp-content\/uploads\/2015\/03\/FREIRAEUMEN_plakatmotiv-1024x576.jpg\" alt=\"FREIRAEUMEN_plakatmotiv\" width=\"768\" height=\"432\" srcset=\"http:\/\/www.andreaskurz.at\/wp-content\/uploads\/2015\/03\/FREIRAEUMEN_plakatmotiv-1024x576.jpg 1024w, http:\/\/www.andreaskurz.at\/wp-content\/uploads\/2015\/03\/FREIRAEUMEN_plakatmotiv-300x169.jpg 300w, http:\/\/www.andreaskurz.at\/wp-content\/uploads\/2015\/03\/FREIRAEUMEN_plakatmotiv.jpg 1920w\" sizes=\"(max-width: 768px) 100vw, 768px\" \/><\/a><\/p>\n<p>16:9, 83min, Farbe, stereo, hengster Produktion, 2012. UA: 2012 Schikaneder Kino, Wien.<\/p>\n<p>Der Dokumentarfilm freira\u0308umen bescha\u0308ftigt sich mit der Stadt Vo\u0308cklabruck in Obero\u0308sterreich, wo sich gesellschaftliche Auseinandersetzungen beispielhaft vollziehen: die konservative Stadtpolitik ziert sich unter Aufbietung aller mo\u0308glicher Argumente, Raum fu\u0308r Jugendkultur zur Verfu\u0308gung zu stellen, baut aber eine u\u0308berdimensional gro\u00dfe Shoppingmall abseits des Zentrums. Der Stadtkern wird immer weiter ausgehungert, Kino gibt es schon lang keines mehr, Raum fu\u0308r Zeitkultur ebensowenig und mehr und mehr junge Menschen wandern in gro\u0308\u00dfere Sta\u0308dte ab. Hinzu kommt, dass das Thema Migration sta\u0308ndig pra\u0308sent ist, denn auch das Asylzentrum Thalham liegt im Bezirk Vo\u0308cklabruck.<\/p>\n<p>Dieses Setting zwingt die Jugendlichen zur Eigeninitiative, denn sie haben das Gefu\u0308hl, von den offiziellen politischen Vertretern keine veritablen Ideen erwarten zu ko\u0308nnen. Auf eines dieser selbst initiierten Projekte, das Bock Ma&#8217;s Festival, wird in freira\u0308umen explizit eingegangen. Dieses Festival wurde 6 Jahre in Folge veranstaltet, zeigte bemerkenswerte Ergebnisse und musste 2010 unter sonderbaren Umsta\u0308nden beendet werden.<\/p>\n<p>Nun steht eine na\u0308chste Generation von Vo\u0308cklabrucker Jugendlichen vor dem Problem, keinen Raum fu\u0308r ihre Ideen zu haben. Wieder sind sie gezwungen, die Politik in die eigenen Ha\u0308nde zu nehmen, und ka\u0308mpfen gemeinsam fu\u0308r ein Offenes Kunst- und Kulturhaus.<\/p>\n<p>&nbsp;<\/p>\n<\/div>\n<\/div>\n<\/div>\n<\/div>\n<\/div>\n<\/div>\n<div style=\"width: 640px;\" class=\"wp-video\"><!--[if lt IE 9]><script>document.createElement('video');<\/script><![endif]-->\n<video class=\"wp-video-shortcode\" id=\"video-145-1\" width=\"640\" height=\"360\" preload=\"metadata\" controls=\"controls\"><source type=\"video\/mp4\" src=\"http:\/\/www.andreaskurz.at\/wp-content\/uploads\/2015\/03\/offizieller-Trailer-freir\u00e4umen-SD.mp4?_=1\" \/><a href=\"http:\/\/www.andreaskurz.at\/wp-content\/uploads\/2015\/03\/offizieller-Trailer-freir\u00e4umen-SD.mp4\">http:\/\/www.andreaskurz.at\/wp-content\/uploads\/2015\/03\/offizieller-Trailer-freir\u00e4umen-SD.mp4<\/a><\/video><\/div>\n<p>&nbsp;<\/p>\n<p><strong><strong>freir\u00e4umen. die politik des do-it-yourself, 83 min, dvcpro HD, Farbe, Stereo<\/strong><\/strong><br \/>\nProduktion:hengster Produktion , 2012 \/\u00a0Kamera: Mario Hengster \/ Schnitt: Andreas Kurz u. Mario Hengster \/ Musik: Velojet, Bunny Lake, A.G. Trio,\u00a0Lisa Lehner, Andreas Haidecker u.a. \/ Sounddesign: Matthias Kronlachner \/ Finishing: Robert Breber \/\u00a0Regie: Andreas Kurz \/\u00a0mit\u00a0Sozialforum Freiwerk,\u00a0Kulturverein Young &amp; Culture, Herbert Brunsteiner (Bgm V\u00f6cklabruck),\u00a0Josef P\u00fchringer (LH Ober\u00f6sterreich), Robert Misik, Josef Hader, Ute Bock u.v.a.<\/p>\n<p>&nbsp;<\/p>\n<blockquote><p>Andreas Kurz took an inspiring and honest look at the do-it-yourself culture. 8 out of 10 points. FM4<\/p>\n<p>Der Film lebt von den Nuancen. \u00d61<\/p>\n<p>Mit \u201efreir\u00e4umen\u201c ist Regisseur Andreas Kurz eine Doku gelungen, die nicht nur dem Streben junger Menschen nachsp\u00fcrt, sondern auch die Bedeutung von Jugendkultur in unserer Gesellschaft skizziert. 5 von 6 Sternen. O\u00d6N<\/p>\n<p>Ein optimistischer Film. ORF O\u00d6<\/p>\n<p>Keine Versch\u00f6nerung, keine Beweihr\u00e4ucherung, eine sehr ehrliche Dokumentation. RADIO SALZKAMMERGUT<\/p>\n<p>Ein Dokumentarfilm, der auch das Dilemma des Erwachsenwerdens zeigt. AUGUSTIN<\/p>\n<p>Zwischen den Zeilen pr\u00e4sentiert der Film ein Stimmungsbild der Auflehnung. ZEITSCHRIFT DER O\u00d6. KULTURPLATTFORM<\/p>\n<p>Tiefgr\u00fcndig, ber\u00fchrend und vielschichtig. Wir verleihen dem Film das Pr\u00e4dikat \u201esehr sehenswert\u201c. SALZI TV<\/p><\/blockquote>\n<p>&nbsp;<\/p>\n","protected":false},"excerpt":{"rendered":"<p>freir\u00e4umen (Dokumentarfilm) In Vo\u0308cklabruck (O\u0308sterreich) haben Jugendliche genug von der Tra\u0308gheit der Politik. Sie ergreifen die Initiative und erobern Ra\u0308ume fu\u0308r eigene Ideen. Politisches do-it-yourself. Doch mit dem Erfolg kommen auch die Probleme. 16:9, 83min, Farbe, stereo, hengster Produktion, 2012. UA: 2012 Schikaneder Kino, Wien. Der Dokumentarfilm freira\u0308umen bescha\u0308ftigt sich mit der Stadt Vo\u0308cklabruck in &hellip; <a href=\"http:\/\/www.andreaskurz.at\/?page_id=145\" class=\"more-link\"><span class=\"screen-reader-text\"><\/span> weiterlesen<\/a><\/p>\n","protected":false},"author":1,"featured_media":0,"parent":0,"menu_order":0,"comment_status":"closed","ping_status":"open","template":"","meta":[],"_links":{"self":[{"href":"http:\/\/www.andreaskurz.at\/index.php?rest_route=\/wp\/v2\/pages\/145"}],"collection":[{"href":"http:\/\/www.andreaskurz.at\/index.php?rest_route=\/wp\/v2\/pages"}],"about":[{"href":"http:\/\/www.andreaskurz.at\/index.php?rest_route=\/wp\/v2\/types\/page"}],"author":[{"embeddable":true,"href":"http:\/\/www.andreaskurz.at\/index.php?rest_route=\/wp\/v2\/users\/1"}],"replies":[{"embeddable":true,"href":"http:\/\/www.andreaskurz.at\/index.php?rest_route=%2Fwp%2Fv2%2Fcomments&post=145"}],"version-history":[{"count":21,"href":"http:\/\/www.andreaskurz.at\/index.php?rest_route=\/wp\/v2\/pages\/145\/revisions"}],"predecessor-version":[{"id":489,"href":"http:\/\/www.andreaskurz.at\/index.php?rest_route=\/wp\/v2\/pages\/145\/revisions\/489"}],"wp:attachment":[{"href":"http:\/\/www.andreaskurz.at\/index.php?rest_route=%2Fwp%2Fv2%2Fmedia&parent=145"}],"curies":[{"name":"wp","href":"https:\/\/api.w.org\/{rel}","templated":true}]}}