{"id":254,"date":"2015-03-05T15:47:41","date_gmt":"2015-03-05T14:47:41","guid":{"rendered":"http:\/\/www.andreaskurz.at\/?page_id=254"},"modified":"2017-03-12T14:20:05","modified_gmt":"2017-03-12T13:20:05","slug":"essay","status":"publish","type":"page","link":"http:\/\/www.andreaskurz.at\/?page_id=254","title":{"rendered":"ESSAYS, REPORTAGEN, REISEBERICHTE"},"content":{"rendered":"<p><em><strong>Der Stolz<\/strong><\/em>. Essay<em><br \/>\n<\/em>PenArt Nr. 8, 2017<\/p>\n<p><em><strong><em>Die Frauen von Ramenskoje. Besuch in einer Satellitenstadt<\/em><\/strong><\/em>. Reportage \u00a0 \u00a0\u00a0<span style=\"color: #0000ff;\"><a style=\"color: #0000ff;\" title=\"Ungarn wird umgebaut\" href=\"http:\/\/www.andreaskurz.at\/wp-content\/uploads\/2016\/12\/Ramenskoje-Endfassg.pdf\">lesen&#8230;<\/a><\/span><em><br \/>\n<\/em>Literatur und Kritik Nr. 507,508\/2016<\/p>\n<p align=\"LEFT\"><em><strong><em>Ungarn wird umgebaut<\/em><\/strong><\/em>.\u00a0Reportage \u00a0 \u00a0 <span style=\"color: #0000ff;\"><a style=\"color: #0000ff;\" title=\"Ungarn wird umgebaut\" href=\"http:\/\/www.andreaskurz.at\/?page_id=468\">lesen&#8230;<\/a><\/span><em><br \/>\n<\/em>Kupf-Zeitung Nr. 141, 2\/2012<\/p>\n<p align=\"LEFT\"><em><em><strong><em><em>Das Lachen und der Elefant<\/em><\/em><\/strong><\/em><\/em>.\u00a0Essay<em><em><br \/>\n<\/em><\/em>Blatthirsch, 3\/2012<\/p>\n<p align=\"LEFT\"><em><em><em><strong><em><em><em>Das Wetter in Ungarn<\/em><\/em><\/em><\/strong><\/em><\/em><\/em>.\u00a0Essay \u00a0 \u00a0<a title=\"Das Wetter in Ungarn\" href=\"http:\/\/www.andreaskurz.at\/?page_id=473\"><span style=\"color: #0000ff;\">lesen&#8230;<\/span><\/a><em><em><em><br \/>\n<\/em><\/em><\/em>Augustin, Nr. 325, Juli 2012<\/p>\n<p align=\"LEFT\"><em><em><em><em><strong><em><em><em><em>Des Kaisers neues Wort<\/em><\/em><\/em><\/em><\/strong><\/em><\/em><\/em><\/em>.\u00a0Essay<em><em><em><em><br \/>\n<\/em><\/em><\/em><\/em>freir\u00e4ume, Anthologie. Herausgegeben vom Bundesnetzwerk f\u00fcr Offene Jugendarbeit, 2013<\/p>\n<p align=\"LEFT\"><em><em><em><em><em><strong><em><em><em><em><em>Wien-Bratislava-Sz\u00e9kesfeh\u00e9rv\u00e1r-Budapest<\/em><\/em><\/em><\/em><\/em><\/strong><\/em><\/em><\/em><\/em><\/em>.\u00a0Reisebericht<em><em><em><em><em><br \/>\n<\/em><\/em><\/em><\/em><\/em>Augustin Nr. 337-339, Feb. und M\u00e4rz 2013<\/p>\n<p align=\"LEFT\"><em><em><em><em><em><em><strong><em><em><em><em><em>Shanghai ist keine Stadt<\/em><\/em><\/em><\/em><\/em><\/strong><\/em><\/em><\/em><\/em><\/em><\/em>. Essay \u00a0 \u00a0<a title=\"Shanghai ist keine Stadt\" href=\"http:\/\/www.andreaskurz.at\/?page_id=477\"><span style=\"color: #0000ff;\">lesen&#8230;<\/span><\/a><em><em><em><em><em><em><br \/>\n<\/em><\/em><\/em><\/em><\/em><\/em>Kupf-Zeitung Nr. 148, 1\/2014<\/p>\n","protected":false},"excerpt":{"rendered":"<p>Der Stolz. Essay PenArt Nr. 8, 2017 Die Frauen von Ramenskoje. Besuch in einer Satellitenstadt. Reportage \u00a0 \u00a0\u00a0lesen&#8230; Literatur und Kritik Nr. 507,508\/2016 Ungarn wird umgebaut.\u00a0Reportage \u00a0 \u00a0 lesen&#8230; Kupf-Zeitung Nr. 141, 2\/2012 Das Lachen und der Elefant.\u00a0Essay Blatthirsch, 3\/2012 Das Wetter in Ungarn.\u00a0Essay \u00a0 \u00a0lesen&#8230; Augustin, Nr. 325, Juli 2012 Des Kaisers neues Wort.\u00a0Essay &hellip; <a href=\"http:\/\/www.andreaskurz.at\/?page_id=254\" class=\"more-link\"><span class=\"screen-reader-text\">ESSAYS, REPORTAGEN, REISEBERICHTE<\/span> weiterlesen<\/a><\/p>\n","protected":false},"author":1,"featured_media":0,"parent":0,"menu_order":0,"comment_status":"closed","ping_status":"open","template":"","meta":[],"_links":{"self":[{"href":"http:\/\/www.andreaskurz.at\/index.php?rest_route=\/wp\/v2\/pages\/254"}],"collection":[{"href":"http:\/\/www.andreaskurz.at\/index.php?rest_route=\/wp\/v2\/pages"}],"about":[{"href":"http:\/\/www.andreaskurz.at\/index.php?rest_route=\/wp\/v2\/types\/page"}],"author":[{"embeddable":true,"href":"http:\/\/www.andreaskurz.at\/index.php?rest_route=\/wp\/v2\/users\/1"}],"replies":[{"embeddable":true,"href":"http:\/\/www.andreaskurz.at\/index.php?rest_route=%2Fwp%2Fv2%2Fcomments&post=254"}],"version-history":[{"count":18,"href":"http:\/\/www.andreaskurz.at\/index.php?rest_route=\/wp\/v2\/pages\/254\/revisions"}],"predecessor-version":[{"id":538,"href":"http:\/\/www.andreaskurz.at\/index.php?rest_route=\/wp\/v2\/pages\/254\/revisions\/538"}],"wp:attachment":[{"href":"http:\/\/www.andreaskurz.at\/index.php?rest_route=%2Fwp%2Fv2%2Fmedia&parent=254"}],"curies":[{"name":"wp","href":"https:\/\/api.w.org\/{rel}","templated":true}]}}