{"id":262,"date":"2015-03-05T16:05:33","date_gmt":"2015-03-05T15:05:33","guid":{"rendered":"http:\/\/www.andreaskurz.at\/?page_id=262"},"modified":"2020-08-12T21:21:28","modified_gmt":"2020-08-12T20:21:28","slug":"die-umschreibung","status":"publish","type":"page","link":"http:\/\/www.andreaskurz.at\/?page_id=262","title":{"rendered":"Der Blick von unten durch die Baumkrone in den Himmel"},"content":{"rendered":"<h3>Eine Umschreibung<\/h3>\n<p><em> Erz\u00e4hlung. Erscheint am 10. Februar 2017, gebunden , 13 x 21 cm, 264 Seiten, Literaturverlag Droschl Graz, 2017.<\/em><\/p>\n<p><img decoding=\"async\" loading=\"lazy\" class=\"  wp-image-501 alignleft\" src=\"http:\/\/www.andreaskurz.at\/wp-content\/uploads\/2015\/02\/Cover_Blick-633x1024.jpg\" alt=\"cover_blick\" width=\"250\" height=\"404\" srcset=\"http:\/\/www.andreaskurz.at\/wp-content\/uploads\/2015\/02\/Cover_Blick-633x1024.jpg 633w, http:\/\/www.andreaskurz.at\/wp-content\/uploads\/2015\/02\/Cover_Blick-186x300.jpg 186w, http:\/\/www.andreaskurz.at\/wp-content\/uploads\/2015\/02\/Cover_Blick.jpg 767w\" sizes=\"(max-width: 250px) 100vw, 250px\" \/>&#8222;Schla\u0308frig und mit tra\u0308gem Blick, so brach ich auf. Versa\u0308umte die erste U-Bahn, wartete 20 Minuten auf die na\u0308chste und stand dann ohne geeigneten Anschluss am Bahnhof Wien Donaustadtbru\u0308cke. Dort sah ich Busse ein- und abfahren, ho\u0308rte die Autobahn in meinem Ru\u0308cken und roch die Su\u0308\u00dfe eines Holunderstrauchs, der irgendwo hinter der La\u0308rmschutzmauer wuchs. Am Himmel hingen Morgenwolken: Regen ku\u0308ndigte sich an, kam aber nicht. Unter einem der Haltestellenschilder lag eine einzelne morgenfeuchte Zeitungsseite, weggeworfen von jemandem, der sich nicht fu\u0308r den Chronik-Teil interessierte. <em>Heuer schon 284 Verurteilungen wegen Falschaussage\u00a0<\/em>&#8230; &#8222;<\/p>\n<p>Drei Wochen durch \u00d6sterreich und Ungarn. Was als Reise-Essay begann, verwandelte sich im Schreiben und Umschreiben zu einer Erz\u00e4hlung, die sich immer noch stark aus meinem Erleben und aus dem Erinnern an das Erlebte speist. Aber das Ich des Textes ist l\u00e4ngst nicht mehr ich. Ungarn ist nicht mehr nur Ungarn, \u00d6sterreich nicht mehr nur \u00d6sterreich, das Gehen keine blo\u00dfe Wanderung; die Erz\u00e4hlung hat sich mir entzogen. Seltsam befremdlich und zugleich vertraut die S\u00e4tze, die mir eine Freundin, aus dem Manuskript zitierend, neulich geschickt hat.<\/p>\n<p>Gewidmet ist das Buch einer Person, die sich mir ebenfalls entzieht, die mich verwundert, verwandelt, befremdet, und die ich lieb habe. Auch sie wie ein St\u00fcck von mir au\u00dferhalb meiner selbst, unkontrollierbar und nicht wegzudenken.<\/p>\n<p>Ich m\u00f6chte allen danken, die dem Text und seinen unzureichenden Vorstufen ihre Zeit gewidmet, ihn mit mir besprochen oder sich daraus vorlesen lassen und die ihn auf diese Weise erheblich mitgestaltet haben.<\/p>\n<p><a href=\"http:\/\/www.droschl.com\/buch\/der-blick-von-unten-durch-die-baumkrone-in-den-himmel\/\"><span style=\"color: #0000ff;\">BUCH auf der Verlagsseite<\/span><\/a><\/p>\n<p><a href=\"http:\/\/www.droschl.com\/wp-content\/uploads\/2016\/12\/Kurz-Der-Blick-Leseprobe..pdf\"><span style=\"color: #0000ff;\">LESEPROBE auf der Verlagsseite<\/span><\/a><\/p>\n<p><a href=\"https:\/\/www.amazon.de\/dp\/385420986X\/ref=sr_1_1?s=books&amp;ie=UTF8&amp;qid=1481348370&amp;sr=1-1&amp;keywords=der+blick+von+unten+durch+die+baumkrone\"><span style=\"color: #0000ff;\">BUCH bei Amazon<\/span><\/a><\/p>\n<p>\u00a0<\/p>\n\n\n<p><\/p>\n","protected":false},"excerpt":{"rendered":"<p>Eine Umschreibung Erz\u00e4hlung. Erscheint am 10. Februar 2017, gebunden , 13 x 21 cm, 264 Seiten, Literaturverlag Droschl Graz, 2017. &#8222;Schla\u0308frig und mit tra\u0308gem Blick, so brach ich auf. Versa\u0308umte die erste U-Bahn, wartete 20 Minuten auf die na\u0308chste und stand dann ohne geeigneten Anschluss am Bahnhof Wien Donaustadtbru\u0308cke. Dort sah ich Busse ein- und &hellip; <a href=\"http:\/\/www.andreaskurz.at\/?page_id=262\" class=\"more-link\"><span class=\"screen-reader-text\">Der Blick von unten durch die Baumkrone in den Himmel<\/span> weiterlesen<\/a><\/p>\n","protected":false},"author":1,"featured_media":0,"parent":0,"menu_order":0,"comment_status":"closed","ping_status":"open","template":"","meta":[],"_links":{"self":[{"href":"http:\/\/www.andreaskurz.at\/index.php?rest_route=\/wp\/v2\/pages\/262"}],"collection":[{"href":"http:\/\/www.andreaskurz.at\/index.php?rest_route=\/wp\/v2\/pages"}],"about":[{"href":"http:\/\/www.andreaskurz.at\/index.php?rest_route=\/wp\/v2\/types\/page"}],"author":[{"embeddable":true,"href":"http:\/\/www.andreaskurz.at\/index.php?rest_route=\/wp\/v2\/users\/1"}],"replies":[{"embeddable":true,"href":"http:\/\/www.andreaskurz.at\/index.php?rest_route=%2Fwp%2Fv2%2Fcomments&post=262"}],"version-history":[{"count":28,"href":"http:\/\/www.andreaskurz.at\/index.php?rest_route=\/wp\/v2\/pages\/262\/revisions"}],"predecessor-version":[{"id":612,"href":"http:\/\/www.andreaskurz.at\/index.php?rest_route=\/wp\/v2\/pages\/262\/revisions\/612"}],"wp:attachment":[{"href":"http:\/\/www.andreaskurz.at\/index.php?rest_route=%2Fwp%2Fv2%2Fmedia&parent=262"}],"curies":[{"name":"wp","href":"https:\/\/api.w.org\/{rel}","templated":true}]}}