{"id":330,"date":"2015-03-05T18:10:57","date_gmt":"2015-03-05T17:10:57","guid":{"rendered":"http:\/\/www.andreaskurz.at\/?page_id=330"},"modified":"2015-08-29T09:25:50","modified_gmt":"2015-08-29T08:25:50","slug":"briefe","status":"publish","type":"page","link":"http:\/\/www.andreaskurz.at\/?page_id=330","title":{"rendered":"BRIEFE AN D\u00c9SIR\u00c9E. Kom\u00f6die in 10 Bildern"},"content":{"rendered":"<p><strong>&#8222;Du und Kinder? Du kannst nichtmal die Figuren aus \u00dcberraschungseiern zusammenbasteln.&#8220;<\/strong><\/p>\n<p lang=\"de-DE\" align=\"JUSTIFY\">Alexander Hoffmann lebt mit seiner Frau Petra und zwei Kindern ein friedliches Leben, bis eines Tages\u00a0Briefe auftauchen,\u00a0die Petra regelm\u00e4\u00dfig an einen anderen Mann schreibt. Wer ist dieser Herr P.? Was will Petra von ihm? Parallel dazu erh\u00e4lt Lisa, Alexander Hofmanns Schwester, einen Heiratsantrag von ihrem Freund, und dazu einen Diamantring, der sich schnell als unecht herausstellt. Wei\u00df Johnny, dass es sich um eine F\u00e4lschung handelt? \u00a0Wurde er selbst betrogen oder ist er derjenige, der betr\u00fcgt? Die Dinge stehen immer komplizierter, als man denkt.<\/p>\n<p lang=\"de-DE\" align=\"JUSTIFY\">5m\/3w\/2dek<\/p>\n<p lang=\"de-DE\" align=\"JUSTIFY\">\n","protected":false},"excerpt":{"rendered":"<p>&#8222;Du und Kinder? Du kannst nichtmal die Figuren aus \u00dcberraschungseiern zusammenbasteln.&#8220; Alexander Hoffmann lebt mit seiner Frau Petra und zwei Kindern ein friedliches Leben, bis eines Tages\u00a0Briefe auftauchen,\u00a0die Petra regelm\u00e4\u00dfig an einen anderen Mann schreibt. Wer ist dieser Herr P.? Was will Petra von ihm? Parallel dazu erh\u00e4lt Lisa, Alexander Hofmanns Schwester, einen Heiratsantrag von &hellip; <a href=\"http:\/\/www.andreaskurz.at\/?page_id=330\" class=\"more-link\"><span class=\"screen-reader-text\">BRIEFE AN D\u00c9SIR\u00c9E. Kom\u00f6die in 10 Bildern<\/span> weiterlesen<\/a><\/p>\n","protected":false},"author":1,"featured_media":0,"parent":0,"menu_order":0,"comment_status":"closed","ping_status":"open","template":"","meta":[],"_links":{"self":[{"href":"http:\/\/www.andreaskurz.at\/index.php?rest_route=\/wp\/v2\/pages\/330"}],"collection":[{"href":"http:\/\/www.andreaskurz.at\/index.php?rest_route=\/wp\/v2\/pages"}],"about":[{"href":"http:\/\/www.andreaskurz.at\/index.php?rest_route=\/wp\/v2\/types\/page"}],"author":[{"embeddable":true,"href":"http:\/\/www.andreaskurz.at\/index.php?rest_route=\/wp\/v2\/users\/1"}],"replies":[{"embeddable":true,"href":"http:\/\/www.andreaskurz.at\/index.php?rest_route=%2Fwp%2Fv2%2Fcomments&post=330"}],"version-history":[{"count":5,"href":"http:\/\/www.andreaskurz.at\/index.php?rest_route=\/wp\/v2\/pages\/330\/revisions"}],"predecessor-version":[{"id":418,"href":"http:\/\/www.andreaskurz.at\/index.php?rest_route=\/wp\/v2\/pages\/330\/revisions\/418"}],"wp:attachment":[{"href":"http:\/\/www.andreaskurz.at\/index.php?rest_route=%2Fwp%2Fv2%2Fmedia&parent=330"}],"curies":[{"name":"wp","href":"https:\/\/api.w.org\/{rel}","templated":true}]}}