{"id":649,"date":"2022-03-20T13:02:40","date_gmt":"2022-03-20T12:02:40","guid":{"rendered":"http:\/\/www.andreaskurz.at\/?page_id=649"},"modified":"2022-03-20T13:02:40","modified_gmt":"2022-03-20T12:02:40","slug":"649-2","status":"publish","type":"page","link":"http:\/\/www.andreaskurz.at\/?page_id=649","title":{"rendered":""},"content":{"rendered":"<h1><span style=\"color: #a30b0b;\">Stollen in den Dachsteinkalk<br \/><\/span><\/h1>\n<h3>Das\u00a0 nationalsozialistische Ru\u0308stungsprojekt \u201eZement\u201c und das Konzentrationslager Ebensee <\/h3>\n<p><em>Ein TV-Dokumentarfilm u\u0308ber Raketenpla\u0308ne, Tunnelbau-Pioniere und die Profitabilita\u0308t der Zwangsarbeit<\/em><\/p>\n<div class=\"page\" title=\"Page 1\">\n<div class=\"layoutArea\">\n<div class=\"column\">\n<div class=\"page\" title=\"Page 1\">\n<div class=\"layoutArea\">\n<div class=\"column\">\n<p><a href=\"http:\/\/www.andreaskurz.at\/wp-content\/uploads\/2022\/03\/Zeitzeuge-Franz-Stoettinger-am-Loewengang-c-Hengster-Filmproduktion-scaled.jpg\"><img decoding=\"async\" loading=\"lazy\" class=\"alignnone wp-image-643 size-large\" src=\"http:\/\/www.andreaskurz.at\/wp-content\/uploads\/2022\/03\/Zeitzeuge-Franz-Stoettinger-am-Loewengang-c-Hengster-Filmproduktion-1024x540.jpg\" alt=\"\" width=\"660\" height=\"348\" srcset=\"http:\/\/www.andreaskurz.at\/wp-content\/uploads\/2022\/03\/Zeitzeuge-Franz-Stoettinger-am-Loewengang-c-Hengster-Filmproduktion-1024x540.jpg 1024w, http:\/\/www.andreaskurz.at\/wp-content\/uploads\/2022\/03\/Zeitzeuge-Franz-Stoettinger-am-Loewengang-c-Hengster-Filmproduktion-300x158.jpg 300w, http:\/\/www.andreaskurz.at\/wp-content\/uploads\/2022\/03\/Zeitzeuge-Franz-Stoettinger-am-Loewengang-c-Hengster-Filmproduktion-768x405.jpg 768w, http:\/\/www.andreaskurz.at\/wp-content\/uploads\/2022\/03\/Zeitzeuge-Franz-Stoettinger-am-Loewengang-c-Hengster-Filmproduktion-1536x810.jpg 1536w, http:\/\/www.andreaskurz.at\/wp-content\/uploads\/2022\/03\/Zeitzeuge-Franz-Stoettinger-am-Loewengang-c-Hengster-Filmproduktion-2048x1080.jpg 2048w\" sizes=\"(max-width: 660px) 100vw, 660px\" \/><\/a><\/p>\n<p><em>16:9, 52min, Farbe und s\/w, stereo, hengster Filmproduktion, 2022. UA: ORF III, 2022.<\/em><\/p>\n<p>Als das Deutsche Reich 1943 in die Defensive gera\u0308t, verlagert das NS-Regime die Produktion seiner so genannten Wunderwaffen unter Tage. Das Raketen-Entwicklungswerk aus dem norddeutschen Peenem\u00fcnde soll ins obero\u0308sterreichische Ebensee u\u0308bersiedelt werden, wof\u00fcr KZ-Ha\u0308ftlinge zwei riesige Stollenanlagen ins Dachsteinmassiv treiben m\u00fcssen.<\/p>\n<p>Einer der ersten H\u00e4ftlinge in Ebensee ist Drahom\u00edr B\u00e1rta, ein tschechischer Gymnasiast. Unter gr\u00f6\u00dfter Lebensgefahr gelingt es dem sprachbegabten jungen Mann in den folgenden Monaten, eine Widerstandsgruppe innerhalb des KZs aufzubauen. Seine Kontaktperson zur Au\u00dfenwelt ist der ehemalige Luftwaffenoffizier Josef Poltrum, der in der Bekleidungskammer der SS arbeitet und auch unter den Bewachern des Lagers eine Widerstandsgruppe organisiert. Poltrum versorgt die H\u00e4ftlingsgruppe fortan mit Informationen, Nahrungsmitteln und Waffen. Obwohl die Fronten unaufhaltsam n\u00e4her r\u00fccken, treibt die SS das Geheimprojekt \u201eZement\u201c r\u00fccksichtslos weiter. Die beteiligten Unternehmen fordern sogar, dass auch Kranke und Verletzte zur Arbeit gezwungen werden.<\/p>\n<p>Im Winter 1944 treffen Evakuierungstransporte aus o\u0308stlichen Konzentrationslagern ein, und es verbreitet sich das Ger\u00fccht, die SS plane die 16.000 in Ebensee befindlichen Ha\u0308ftlinge zu ermorden. Die M\u00e4nner rund um Drahom\u00edr B\u00e1rta und Josef Poltrum bereiten im Geheimen den bewaffneten Kampf gegen die SS vor. Und tats\u00e4chlich versucht diese am 5. Mai 1945 s\u00e4mtliche H\u00e4ftlinge in die Stollen zu treiben und dort durch eine gro\u00dfe Sprengung zu ermorden. Die H\u00e4ftlinge, die gewarnt sind, weigern sich aber, dem Befehl des Lagerkommandanten Folge zu leisten. Die SS zieht sich zur\u00fcck und verl\u00e4sst Ebensee.<\/p>\n<p>Tags darauf befreit die US Army die Gefangenen. In den Ebenseer Stollen wurde kein einziges Raketenelement gefertigt und kein Strich aufs Konstruktionspapier gesetzt. In nur 18 Monaten starben von den rund 28.000 Personen, die man ins KZ Ebensee verschleppt hat, fast 10.000. Das Durchschnittsgewicht der \u00dcberlebenden lag im Mai 1945 bei nur noch 34 Kilo.<\/p>\n<p><strong>Die DVD zum Film wird ab Mai 2022 erh\u00e4ltlich sein.<\/strong><\/p>\n<\/div>\n<\/div>\n<\/div>\n<\/div>\n<\/div>\n<\/div>\n\n\n<p><a href=\"https:\/\/stollen-in-den-dachsteinkalk.jimdosite.com\/\">https:\/\/stollen-in-den-dachsteinkalk.jimdosite.com<\/a><\/p>\n\n\n\n<p><a href=\"https:\/\/www.facebook.com\/Stollen.in.den.Dachsteinkalk\">https:\/\/www.facebook.com\/Stollen.in.den.Dachsteinkalk<\/a><\/p>\n","protected":false},"excerpt":{"rendered":"<p>Stollen in den Dachsteinkalk Das\u00a0 nationalsozialistische Ru\u0308stungsprojekt \u201eZement\u201c und das Konzentrationslager Ebensee Ein TV-Dokumentarfilm u\u0308ber Raketenpla\u0308ne, Tunnelbau-Pioniere und die Profitabilita\u0308t der Zwangsarbeit 16:9, 52min, Farbe und s\/w, stereo, hengster Filmproduktion, 2022. UA: ORF III, 2022. Als das Deutsche Reich 1943 in die Defensive gera\u0308t, verlagert das NS-Regime die Produktion seiner so genannten Wunderwaffen unter Tage. &hellip; <a href=\"http:\/\/www.andreaskurz.at\/?page_id=649\" class=\"more-link\"><span class=\"screen-reader-text\"><\/span> weiterlesen<\/a><\/p>\n","protected":false},"author":1,"featured_media":0,"parent":0,"menu_order":0,"comment_status":"closed","ping_status":"open","template":"","meta":[],"_links":{"self":[{"href":"http:\/\/www.andreaskurz.at\/index.php?rest_route=\/wp\/v2\/pages\/649"}],"collection":[{"href":"http:\/\/www.andreaskurz.at\/index.php?rest_route=\/wp\/v2\/pages"}],"about":[{"href":"http:\/\/www.andreaskurz.at\/index.php?rest_route=\/wp\/v2\/types\/page"}],"author":[{"embeddable":true,"href":"http:\/\/www.andreaskurz.at\/index.php?rest_route=\/wp\/v2\/users\/1"}],"replies":[{"embeddable":true,"href":"http:\/\/www.andreaskurz.at\/index.php?rest_route=%2Fwp%2Fv2%2Fcomments&post=649"}],"version-history":[{"count":2,"href":"http:\/\/www.andreaskurz.at\/index.php?rest_route=\/wp\/v2\/pages\/649\/revisions"}],"predecessor-version":[{"id":651,"href":"http:\/\/www.andreaskurz.at\/index.php?rest_route=\/wp\/v2\/pages\/649\/revisions\/651"}],"wp:attachment":[{"href":"http:\/\/www.andreaskurz.at\/index.php?rest_route=%2Fwp%2Fv2%2Fmedia&parent=649"}],"curies":[{"name":"wp","href":"https:\/\/api.w.org\/{rel}","templated":true}]}}